{"id":1605,"date":"2020-06-15T07:27:43","date_gmt":"2020-06-15T07:27:43","guid":{"rendered":"https:\/\/www.ferienhaeuser-am-berghof.de\/cms\/?page_id=1605"},"modified":"2020-08-09T19:03:13","modified_gmt":"2020-08-09T19:03:13","slug":"mit-dem-zug-unterwegs","status":"publish","type":"page","link":"https:\/\/www.ferienhaeuser-am-berghof.de\/cms\/mit-dem-zug-unterwegs\/","title":{"rendered":"Mit dem Zug unterwegs"},"content":{"rendered":"\t\t<div data-elementor-type=\"wp-page\" data-elementor-id=\"1605\" class=\"elementor elementor-1605\">\n\t\t\t\t\t\t<section class=\"elementor-section elementor-top-section elementor-element elementor-element-99a4cb9 elementor-section-boxed elementor-section-height-default elementor-section-height-default\" data-id=\"99a4cb9\" data-element_type=\"section\" data-settings=\"{&quot;background_background&quot;:&quot;classic&quot;}\">\n\t\t\t\t\t\t<div class=\"elementor-container elementor-column-gap-default\">\n\t\t\t\t\t<div class=\"elementor-column elementor-col-100 elementor-top-column elementor-element elementor-element-967b5a3\" data-id=\"967b5a3\" data-element_type=\"column\">\n\t\t\t<div class=\"elementor-widget-wrap\">\n\t\t\t\t\t\t\t<\/div>\n\t\t<\/div>\n\t\t\t\t\t<\/div>\n\t\t<\/section>\n\t\t\t\t<section class=\"elementor-section elementor-top-section elementor-element elementor-element-fcf87f6 elementor-section-boxed elementor-section-height-default elementor-section-height-default\" data-id=\"fcf87f6\" data-element_type=\"section\" data-settings=\"{&quot;background_background&quot;:&quot;classic&quot;}\">\n\t\t\t\t\t\t<div class=\"elementor-container elementor-column-gap-default\">\n\t\t\t\t\t<div class=\"elementor-column elementor-col-100 elementor-top-column elementor-element elementor-element-c68dbdc\" data-id=\"c68dbdc\" data-element_type=\"column\">\n\t\t\t<div class=\"elementor-widget-wrap\">\n\t\t\t\t\t\t\t<\/div>\n\t\t<\/div>\n\t\t\t\t\t<\/div>\n\t\t<\/section>\n\t\t\t\t<section class=\"elementor-section elementor-top-section elementor-element elementor-element-0c6817e elementor-section-boxed elementor-section-height-default elementor-section-height-default\" data-id=\"0c6817e\" data-element_type=\"section\" data-settings=\"{&quot;background_background&quot;:&quot;classic&quot;}\">\n\t\t\t\t\t\t<div class=\"elementor-container elementor-column-gap-default\">\n\t\t\t\t\t<div class=\"elementor-column elementor-col-100 elementor-top-column elementor-element elementor-element-ca0221f\" data-id=\"ca0221f\" data-element_type=\"column\">\n\t\t\t<div class=\"elementor-widget-wrap\">\n\t\t\t\t\t\t\t<\/div>\n\t\t<\/div>\n\t\t\t\t\t<\/div>\n\t\t<\/section>\n\t\t\t\t<section class=\"elementor-section elementor-top-section elementor-element elementor-element-6dece90 elementor-section-boxed elementor-section-height-default elementor-section-height-default\" data-id=\"6dece90\" data-element_type=\"section\" data-settings=\"{&quot;background_background&quot;:&quot;classic&quot;}\">\n\t\t\t\t\t\t<div class=\"elementor-container elementor-column-gap-default\">\n\t\t\t\t\t<div class=\"elementor-column elementor-col-100 elementor-top-column elementor-element elementor-element-ee2ea94\" data-id=\"ee2ea94\" data-element_type=\"column\">\n\t\t\t<div class=\"elementor-widget-wrap\">\n\t\t\t\t\t\t\t<\/div>\n\t\t<\/div>\n\t\t\t\t\t<\/div>\n\t\t<\/section>\n\t\t\t\t<section class=\"elementor-section elementor-top-section elementor-element elementor-element-595e3d3 elementor-section-boxed elementor-section-height-default elementor-section-height-default\" data-id=\"595e3d3\" data-element_type=\"section\" data-settings=\"{&quot;background_background&quot;:&quot;classic&quot;}\">\n\t\t\t\t\t\t<div class=\"elementor-container elementor-column-gap-default\">\n\t\t\t\t\t<div class=\"elementor-column elementor-col-100 elementor-top-column elementor-element elementor-element-44fdfa6\" data-id=\"44fdfa6\" data-element_type=\"column\">\n\t\t\t<div class=\"elementor-widget-wrap\">\n\t\t\t\t\t\t\t<\/div>\n\t\t<\/div>\n\t\t\t\t\t<\/div>\n\t\t<\/section>\n\t\t\t\t<section class=\"elementor-section elementor-top-section elementor-element elementor-element-e44295f elementor-section-boxed elementor-section-height-default elementor-section-height-default\" data-id=\"e44295f\" data-element_type=\"section\">\n\t\t\t\t\t\t<div class=\"elementor-container elementor-column-gap-default\">\n\t\t\t\t\t<div class=\"elementor-column elementor-col-100 elementor-top-column elementor-element elementor-element-b7715b2\" data-id=\"b7715b2\" data-element_type=\"column\">\n\t\t\t<div class=\"elementor-widget-wrap elementor-element-populated\">\n\t\t\t\t\t\t<div class=\"elementor-element elementor-element-643b0e6 elementor-widget elementor-widget-spacer\" data-id=\"643b0e6\" data-element_type=\"widget\" data-widget_type=\"spacer.default\">\n\t\t\t\t<div class=\"elementor-widget-container\">\n\t\t\t\t\t<div class=\"elementor-spacer\">\n\t\t\t<div class=\"elementor-spacer-inner\"><\/div>\n\t\t<\/div>\n\t\t\t\t<\/div>\n\t\t\t\t<\/div>\n\t\t\t\t<div class=\"elementor-element elementor-element-fa68fa5 elementor-widget elementor-widget-heading\" data-id=\"fa68fa5\" data-element_type=\"widget\" data-widget_type=\"heading.default\">\n\t\t\t\t<div class=\"elementor-widget-container\">\n\t\t\t<h1 class=\"elementor-heading-title elementor-size-default\">mit dem Zug unterwegs<\/h1>\t\t<\/div>\n\t\t\t\t<\/div>\n\t\t\t\t<div class=\"elementor-element elementor-element-18ed810 elementor-widget elementor-widget-text-editor\" data-id=\"18ed810\" data-element_type=\"widget\" data-widget_type=\"text-editor.default\">\n\t\t\t\t<div class=\"elementor-widget-container\">\n\t\t\t\t\t\t\t<p>Heilsbronn liegt mit seiner S-Bahn-Station ziemlich in der Mitte des Verkehrsverbund Gro\u00dfraum N\u00fcrnberg (VGN). Dieser erstreckt sich von Bayreuth bis nach Treuchtlingen und von Amberg bis nach Kitzingen. Mit der S-Bahn ist man bereits nach ca. 25 Minuten am N\u00fcrnberger Hauptbahnhof. Dies beschert unserer Kleinstadt eine sagenhaft gute Anbindung und erm\u00f6glicht somit eine Vielzahl von Tagesausfl\u00fcgen in viele sch\u00f6ne St\u00e4dte Nordbayerns. Die einfachste Art und Weise im VGN zu reisen, ist das Tagesticket Plus. Dieses Ticket erm\u00f6glicht bis zu f\u00fcnf Personen ( 2 Erwachsene, 3 Kinder) einen Tag in verschiedenen Tarifzonen zu reisen.<\/p>\t\t\t\t\t\t<\/div>\n\t\t\t\t<\/div>\n\t\t\t\t\t<\/div>\n\t\t<\/div>\n\t\t\t\t\t<\/div>\n\t\t<\/section>\n\t\t\t\t<section class=\"elementor-section elementor-top-section elementor-element elementor-element-039f65c elementor-section-boxed elementor-section-height-default elementor-section-height-default\" data-id=\"039f65c\" data-element_type=\"section\">\n\t\t\t\t\t\t<div class=\"elementor-container elementor-column-gap-default\">\n\t\t\t\t\t<div class=\"elementor-column elementor-col-100 elementor-top-column elementor-element elementor-element-9c6d1c4\" data-id=\"9c6d1c4\" data-element_type=\"column\">\n\t\t\t<div class=\"elementor-widget-wrap elementor-element-populated\">\n\t\t\t\t\t\t<section class=\"elementor-section elementor-inner-section elementor-element elementor-element-6859afe elementor-section-boxed elementor-section-height-default elementor-section-height-default\" data-id=\"6859afe\" data-element_type=\"section\">\n\t\t\t\t\t\t<div class=\"elementor-container elementor-column-gap-default\">\n\t\t\t\t\t<div class=\"elementor-column elementor-col-50 elementor-inner-column elementor-element elementor-element-9c3ff8d\" data-id=\"9c3ff8d\" data-element_type=\"column\">\n\t\t\t<div class=\"elementor-widget-wrap elementor-element-populated\">\n\t\t\t\t\t\t<div class=\"elementor-element elementor-element-e4a6702 elementor-widget elementor-widget-heading\" data-id=\"e4a6702\" data-element_type=\"widget\" data-widget_type=\"heading.default\">\n\t\t\t\t<div class=\"elementor-widget-container\">\n\t\t\t<h2 class=\"elementor-heading-title elementor-size-default\">N\u00fcrnberg<\/h2>\t\t<\/div>\n\t\t\t\t<\/div>\n\t\t\t\t<div class=\"elementor-element elementor-element-8a61f7e elementor-widget elementor-widget-text-editor\" data-id=\"8a61f7e\" data-element_type=\"widget\" data-widget_type=\"text-editor.default\">\n\t\t\t\t<div class=\"elementor-widget-container\">\n\t\t\t\t\t\t\t<p class=\"MsoListParagraph\">Die Stadt N\u00fcrnberg bietet eine Vielzahl an Tagesausfl\u00fcgen. Tauchen Sie f\u00fcr eine kurze Zeit in den Trubel der Gro\u00dfstadt ein, entdecken Sie die Sehensw\u00fcrdigkeiten von N\u00fcrnberg, oder genie\u00dfen Sie einfach die N\u00fcrnberger Altstadt. Egal ob eine Besichtigung der Kaiserburg, ein Besuch der Oper, oder ein Besuch eines Museums, alles l\u00e4sst sich ausgezeichnet ohne gro\u00dfe Parkplatzsuche mit den \u00f6ffentlichen Verkehrsmitteln erreichen<\/p>\t\t\t\t\t\t<\/div>\n\t\t\t\t<\/div>\n\t\t\t\t<div class=\"elementor-element elementor-element-c1a6715 elementor-icon-list--layout-traditional elementor-list-item-link-full_width elementor-widget elementor-widget-icon-list\" data-id=\"c1a6715\" data-element_type=\"widget\" data-widget_type=\"icon-list.default\">\n\t\t\t\t<div class=\"elementor-widget-container\">\n\t\t\t\t\t<ul class=\"elementor-icon-list-items\">\n\t\t\t\t\t\t\t<li class=\"elementor-icon-list-item\">\n\t\t\t\t\t\t\t\t\t\t\t<span class=\"elementor-icon-list-icon\">\n\t\t\t\t\t\t\t<i aria-hidden=\"true\" class=\"fas fa-train\"><\/i>\t\t\t\t\t\t<\/span>\n\t\t\t\t\t\t\t\t\t\t<span class=\"elementor-icon-list-text\">17 - 26 min<\/span>\n\t\t\t\t\t\t\t\t\t<\/li>\n\t\t\t\t\t\t\t\t<li class=\"elementor-icon-list-item\">\n\t\t\t\t\t\t\t\t\t\t\t<span class=\"elementor-icon-list-icon\">\n\t\t\t\t\t\t\t<i aria-hidden=\"true\" class=\"fas fa-car\"><\/i>\t\t\t\t\t\t<\/span>\n\t\t\t\t\t\t\t\t\t\t<span class=\"elementor-icon-list-text\">40 min<\/span>\n\t\t\t\t\t\t\t\t\t<\/li>\n\t\t\t\t\t\t\t\t<li class=\"elementor-icon-list-item\">\n\t\t\t\t\t\t\t\t\t\t\t<a href=\"https:\/\/www.google.de\/maps\/dir\/Berghof+1,+Heilsbronn\/N%C3%BCrnberg\/@49.3702587,10.8611912,12z\/am=t\/data=!4m14!4m13!1m5!1m1!1s0x4798b2615bcbcf2f:0xc1ec583910032390!2m2!1d10.79508!2d49.33402!1m5!1m1!1s0x479f57aeb5b61cd3:0xdd5daf85a98c21b7!2m2!1d11.0766654!2d49.4521018!3e0?hl=de\">\n\n\t\t\t\t\t\t\t\t\t\t\t\t<span class=\"elementor-icon-list-icon\">\n\t\t\t\t\t\t\t<i aria-hidden=\"true\" class=\"fas fa-map-marked-alt\"><\/i>\t\t\t\t\t\t<\/span>\n\t\t\t\t\t\t\t\t\t\t<span class=\"elementor-icon-list-text\">N\u00fcrnberg<\/span>\n\t\t\t\t\t\t\t\t\t\t\t<\/a>\n\t\t\t\t\t\t\t\t\t<\/li>\n\t\t\t\t\t\t<\/ul>\n\t\t\t\t<\/div>\n\t\t\t\t<\/div>\n\t\t\t\t\t<\/div>\n\t\t<\/div>\n\t\t\t\t<div class=\"elementor-column elementor-col-50 elementor-inner-column elementor-element elementor-element-a638b5d\" data-id=\"a638b5d\" data-element_type=\"column\">\n\t\t\t<div class=\"elementor-widget-wrap elementor-element-populated\">\n\t\t\t\t\t\t<div class=\"elementor-element elementor-element-46802e4 elementor-widget elementor-widget-spacer\" data-id=\"46802e4\" data-element_type=\"widget\" data-widget_type=\"spacer.default\">\n\t\t\t\t<div class=\"elementor-widget-container\">\n\t\t\t\t\t<div class=\"elementor-spacer\">\n\t\t\t<div class=\"elementor-spacer-inner\"><\/div>\n\t\t<\/div>\n\t\t\t\t<\/div>\n\t\t\t\t<\/div>\n\t\t\t\t<div class=\"elementor-element elementor-element-a51f948 elementor-widget elementor-widget-image\" data-id=\"a51f948\" data-element_type=\"widget\" data-widget_type=\"image.default\">\n\t\t\t\t<div class=\"elementor-widget-container\">\n\t\t\t\t\t\t\t\t\t\t<figure class=\"wp-caption\">\n\t\t\t\t\t\t\t\t\t\t<img fetchpriority=\"high\" width=\"1024\" height=\"484\" src=\"https:\/\/www.ferienhaeuser-am-berghof.de\/cms\/wp-content\/uploads\/2020\/06\/Albrecht-D\u00fcrer-Stra\u00dfe-N\u00fcnberg-1024x484.jpg\" class=\"attachment-large size-large wp-image-1733\" alt=\"\" srcset=\"https:\/\/www.ferienhaeuser-am-berghof.de\/cms\/wp-content\/uploads\/2020\/06\/Albrecht-D\u00fcrer-Stra\u00dfe-N\u00fcnberg-1024x484.jpg 1024w, https:\/\/www.ferienhaeuser-am-berghof.de\/cms\/wp-content\/uploads\/2020\/06\/Albrecht-D\u00fcrer-Stra\u00dfe-N\u00fcnberg-300x142.jpg 300w, https:\/\/www.ferienhaeuser-am-berghof.de\/cms\/wp-content\/uploads\/2020\/06\/Albrecht-D\u00fcrer-Stra\u00dfe-N\u00fcnberg-768x363.jpg 768w, https:\/\/www.ferienhaeuser-am-berghof.de\/cms\/wp-content\/uploads\/2020\/06\/Albrecht-D\u00fcrer-Stra\u00dfe-N\u00fcnberg-1536x725.jpg 1536w, https:\/\/www.ferienhaeuser-am-berghof.de\/cms\/wp-content\/uploads\/2020\/06\/Albrecht-D\u00fcrer-Stra\u00dfe-N\u00fcnberg.jpg 1599w\" sizes=\"(max-width: 1024px) 100vw, 1024px\" \/>\t\t\t\t\t\t\t\t\t\t\t<figcaption class=\"widget-image-caption wp-caption-text\">Foto: Leos Paul Bloch<\/figcaption>\n\t\t\t\t\t\t\t\t\t\t<\/figure>\n\t\t\t\t\t\t\t<\/div>\n\t\t\t\t<\/div>\n\t\t\t\t\t<\/div>\n\t\t<\/div>\n\t\t\t\t\t<\/div>\n\t\t<\/section>\n\t\t\t\t<div class=\"elementor-element elementor-element-c4dbeb4 elementor-widget elementor-widget-spacer\" data-id=\"c4dbeb4\" data-element_type=\"widget\" data-widget_type=\"spacer.default\">\n\t\t\t\t<div class=\"elementor-widget-container\">\n\t\t\t\t\t<div class=\"elementor-spacer\">\n\t\t\t<div class=\"elementor-spacer-inner\"><\/div>\n\t\t<\/div>\n\t\t\t\t<\/div>\n\t\t\t\t<\/div>\n\t\t\t\t\t<\/div>\n\t\t<\/div>\n\t\t\t\t\t<\/div>\n\t\t<\/section>\n\t\t\t\t<section class=\"elementor-section elementor-top-section elementor-element elementor-element-e97d526 elementor-section-boxed elementor-section-height-default elementor-section-height-default\" data-id=\"e97d526\" data-element_type=\"section\">\n\t\t\t\t\t\t<div class=\"elementor-container elementor-column-gap-default\">\n\t\t\t\t\t<div class=\"elementor-column elementor-col-100 elementor-top-column elementor-element elementor-element-7faa4c7\" data-id=\"7faa4c7\" data-element_type=\"column\">\n\t\t\t<div class=\"elementor-widget-wrap elementor-element-populated\">\n\t\t\t\t\t\t<section class=\"elementor-section elementor-inner-section elementor-element elementor-element-8709b61 elementor-section-boxed elementor-section-height-default elementor-section-height-default\" data-id=\"8709b61\" data-element_type=\"section\">\n\t\t\t\t\t\t<div class=\"elementor-container elementor-column-gap-default\">\n\t\t\t\t\t<div class=\"elementor-column elementor-col-50 elementor-inner-column elementor-element elementor-element-8677b1e\" data-id=\"8677b1e\" data-element_type=\"column\">\n\t\t\t<div class=\"elementor-widget-wrap elementor-element-populated\">\n\t\t\t\t\t\t<div class=\"elementor-element elementor-element-e5816bc elementor-widget elementor-widget-heading\" data-id=\"e5816bc\" data-element_type=\"widget\" data-widget_type=\"heading.default\">\n\t\t\t\t<div class=\"elementor-widget-container\">\n\t\t\t<h2 class=\"elementor-heading-title elementor-size-default\">Bamberg<\/h2>\t\t<\/div>\n\t\t\t\t<\/div>\n\t\t\t\t<div class=\"elementor-element elementor-element-16e6cae elementor-widget elementor-widget-image\" data-id=\"16e6cae\" data-element_type=\"widget\" data-widget_type=\"image.default\">\n\t\t\t\t<div class=\"elementor-widget-container\">\n\t\t\t\t\t\t\t\t\t\t<figure class=\"wp-caption\">\n\t\t\t\t\t\t\t\t\t\t<img width=\"1024\" height=\"413\" src=\"https:\/\/www.ferienhaeuser-am-berghof.de\/cms\/wp-content\/uploads\/2020\/08\/Bamberg_new-1024x413.jpg\" class=\"attachment-large size-large wp-image-1934\" alt=\"\" srcset=\"https:\/\/www.ferienhaeuser-am-berghof.de\/cms\/wp-content\/uploads\/2020\/08\/Bamberg_new-1024x413.jpg 1024w, https:\/\/www.ferienhaeuser-am-berghof.de\/cms\/wp-content\/uploads\/2020\/08\/Bamberg_new-300x121.jpg 300w, https:\/\/www.ferienhaeuser-am-berghof.de\/cms\/wp-content\/uploads\/2020\/08\/Bamberg_new-768x310.jpg 768w, https:\/\/www.ferienhaeuser-am-berghof.de\/cms\/wp-content\/uploads\/2020\/08\/Bamberg_new-1536x619.jpg 1536w, https:\/\/www.ferienhaeuser-am-berghof.de\/cms\/wp-content\/uploads\/2020\/08\/Bamberg_new-2048x826.jpg 2048w\" sizes=\"(max-width: 1024px) 100vw, 1024px\" \/>\t\t\t\t\t\t\t\t\t\t\t<figcaption class=\"widget-image-caption wp-caption-text\">foto: julia heidingsfelder<\/figcaption>\n\t\t\t\t\t\t\t\t\t\t<\/figure>\n\t\t\t\t\t\t\t<\/div>\n\t\t\t\t<\/div>\n\t\t\t\t\t<\/div>\n\t\t<\/div>\n\t\t\t\t<div class=\"elementor-column elementor-col-50 elementor-inner-column elementor-element elementor-element-734c290\" data-id=\"734c290\" data-element_type=\"column\">\n\t\t\t<div class=\"elementor-widget-wrap elementor-element-populated\">\n\t\t\t\t\t\t<div class=\"elementor-element elementor-element-506d4c6 elementor-widget elementor-widget-spacer\" data-id=\"506d4c6\" data-element_type=\"widget\" data-widget_type=\"spacer.default\">\n\t\t\t\t<div class=\"elementor-widget-container\">\n\t\t\t\t\t<div class=\"elementor-spacer\">\n\t\t\t<div class=\"elementor-spacer-inner\"><\/div>\n\t\t<\/div>\n\t\t\t\t<\/div>\n\t\t\t\t<\/div>\n\t\t\t\t<div class=\"elementor-element elementor-element-13d50a6 elementor-widget elementor-widget-text-editor\" data-id=\"13d50a6\" data-element_type=\"widget\" data-widget_type=\"text-editor.default\">\n\t\t\t\t<div class=\"elementor-widget-container\">\n\t\t\t\t\t\t\t<p>Die Stadt Bamberg mit ihrer mittelalterlichen Kulisse liegt ebenfalls im VGN. Die Altstadt hat einen der gr\u00f6\u00dften, weitgehend unversehrt erhaltenen, historischen Stadtkern in Deutschland und geh\u00f6rt zur Liste der UNESCO Weltkulturerben. Aber nicht nur die Sehensw\u00fcrdigkeiten locken nach Bamberg, sondern auch eine Vielzahl an traditionellen Brauereien, die das f\u00fcr diese Stadt ber\u00fchmte Rauchbier brauen.<\/p>\t\t\t\t\t\t<\/div>\n\t\t\t\t<\/div>\n\t\t\t\t<div class=\"elementor-element elementor-element-bbb2d1f elementor-icon-list--layout-traditional elementor-list-item-link-full_width elementor-widget elementor-widget-icon-list\" data-id=\"bbb2d1f\" data-element_type=\"widget\" data-widget_type=\"icon-list.default\">\n\t\t\t\t<div class=\"elementor-widget-container\">\n\t\t\t\t\t<ul class=\"elementor-icon-list-items\">\n\t\t\t\t\t\t\t<li class=\"elementor-icon-list-item\">\n\t\t\t\t\t\t\t\t\t\t\t<span class=\"elementor-icon-list-icon\">\n\t\t\t\t\t\t\t<i aria-hidden=\"true\" class=\"fas fa-train\"><\/i>\t\t\t\t\t\t<\/span>\n\t\t\t\t\t\t\t\t\t\t<span class=\"elementor-icon-list-text\">77 - 98 min<\/span>\n\t\t\t\t\t\t\t\t\t<\/li>\n\t\t\t\t\t\t\t\t<li class=\"elementor-icon-list-item\">\n\t\t\t\t\t\t\t\t\t\t\t<span class=\"elementor-icon-list-icon\">\n\t\t\t\t\t\t\t<i aria-hidden=\"true\" class=\"fas fa-car\"><\/i>\t\t\t\t\t\t<\/span>\n\t\t\t\t\t\t\t\t\t\t<span class=\"elementor-icon-list-text\">85 min<\/span>\n\t\t\t\t\t\t\t\t\t<\/li>\n\t\t\t\t\t\t\t\t<li class=\"elementor-icon-list-item\">\n\t\t\t\t\t\t\t\t\t\t\t<a href=\"https:\/\/www.google.de\/maps\/dir\/Berghof+1,+Heilsbronn\/Bamberg\/@49.6021604,10.6683553,10z\/data=!3m1!4b1!4m14!4m13!1m5!1m1!1s0x4798b2615bcbcf2f:0xc1ec583910032390!2m2!1d10.79508!2d49.33402!1m5!1m1!1s0x47a2230538d4beb5:0x41db728f061d980!2m2!1d10.9027636!2d49.8988135!3e0?hl=de\">\n\n\t\t\t\t\t\t\t\t\t\t\t\t<span class=\"elementor-icon-list-icon\">\n\t\t\t\t\t\t\t<i aria-hidden=\"true\" class=\"fas fa-map-marked-alt\"><\/i>\t\t\t\t\t\t<\/span>\n\t\t\t\t\t\t\t\t\t\t<span class=\"elementor-icon-list-text\">Bamberg<\/span>\n\t\t\t\t\t\t\t\t\t\t\t<\/a>\n\t\t\t\t\t\t\t\t\t<\/li>\n\t\t\t\t\t\t<\/ul>\n\t\t\t\t<\/div>\n\t\t\t\t<\/div>\n\t\t\t\t\t<\/div>\n\t\t<\/div>\n\t\t\t\t\t<\/div>\n\t\t<\/section>\n\t\t\t\t<div class=\"elementor-element elementor-element-8b6eb15 elementor-widget elementor-widget-spacer\" data-id=\"8b6eb15\" data-element_type=\"widget\" data-widget_type=\"spacer.default\">\n\t\t\t\t<div class=\"elementor-widget-container\">\n\t\t\t\t\t<div class=\"elementor-spacer\">\n\t\t\t<div class=\"elementor-spacer-inner\"><\/div>\n\t\t<\/div>\n\t\t\t\t<\/div>\n\t\t\t\t<\/div>\n\t\t\t\t\t<\/div>\n\t\t<\/div>\n\t\t\t\t\t<\/div>\n\t\t<\/section>\n\t\t\t\t<section class=\"elementor-section elementor-top-section elementor-element elementor-element-283cbdd elementor-section-boxed elementor-section-height-default elementor-section-height-default\" data-id=\"283cbdd\" data-element_type=\"section\">\n\t\t\t\t\t\t<div class=\"elementor-container elementor-column-gap-default\">\n\t\t\t\t\t<div class=\"elementor-column elementor-col-100 elementor-top-column elementor-element elementor-element-a5398d4\" data-id=\"a5398d4\" data-element_type=\"column\">\n\t\t\t<div class=\"elementor-widget-wrap elementor-element-populated\">\n\t\t\t\t\t\t<section class=\"elementor-section elementor-inner-section elementor-element elementor-element-abc9e24 elementor-section-boxed elementor-section-height-default elementor-section-height-default\" data-id=\"abc9e24\" data-element_type=\"section\">\n\t\t\t\t\t\t<div class=\"elementor-container elementor-column-gap-default\">\n\t\t\t\t\t<div class=\"elementor-column elementor-col-50 elementor-inner-column elementor-element elementor-element-2b01b24\" data-id=\"2b01b24\" data-element_type=\"column\">\n\t\t\t<div class=\"elementor-widget-wrap elementor-element-populated\">\n\t\t\t\t\t\t<div class=\"elementor-element elementor-element-b540b26 elementor-widget elementor-widget-heading\" data-id=\"b540b26\" data-element_type=\"widget\" data-widget_type=\"heading.default\">\n\t\t\t\t<div class=\"elementor-widget-container\">\n\t\t\t<h2 class=\"elementor-heading-title elementor-size-default\">Fr\u00e4nkische Schweiz<\/h2>\t\t<\/div>\n\t\t\t\t<\/div>\n\t\t\t\t<div class=\"elementor-element elementor-element-85bfea3 elementor-widget elementor-widget-text-editor\" data-id=\"85bfea3\" data-element_type=\"widget\" data-widget_type=\"text-editor.default\">\n\t\t\t\t<div class=\"elementor-widget-container\">\n\t\t\t\t\t\t\t<p>Die Fr\u00e4nkische Schweiz ist eine Region n\u00f6rdlich von N\u00fcrnberg, zwischen den beiden St\u00e4dten Bayreuth und Bamberg. Es handelt sich um eine charakteristische Berg- und H\u00fcgellandschaft mit markanten Felsformationen und H\u00f6hlen, sowie einer hohen Dichte an Burgen und Ruinen. In der Fr\u00e4nkischen Schweiz locken einige Ortschaften mit Ihren Attraktionen eine Vielzahl von Touristen an. Wie zum Beispiel die Ortschaften Gr\u00e4fenberg und Weisenohe, die mit Ihrer Braukunst locken oder Pottenstein mit der sagenhaften Teufelsh\u00f6le oder seinem Felsenbad. Hinzu kommen jede Menge wundersch\u00f6ner Wanderwege, wie der Weg aufs Walberla.<\/p>\t\t\t\t\t\t<\/div>\n\t\t\t\t<\/div>\n\t\t\t\t<div class=\"elementor-element elementor-element-5a423ad elementor-icon-list--layout-traditional elementor-list-item-link-full_width elementor-widget elementor-widget-icon-list\" data-id=\"5a423ad\" data-element_type=\"widget\" data-widget_type=\"icon-list.default\">\n\t\t\t\t<div class=\"elementor-widget-container\">\n\t\t\t\t\t<ul class=\"elementor-icon-list-items\">\n\t\t\t\t\t\t\t<li class=\"elementor-icon-list-item\">\n\t\t\t\t\t\t\t\t\t\t\t<span class=\"elementor-icon-list-icon\">\n\t\t\t\t\t\t\t<i aria-hidden=\"true\" class=\"fas fa-train\"><\/i>\t\t\t\t\t\t<\/span>\n\t\t\t\t\t\t\t\t\t\t<span class=\"elementor-icon-list-text\">60 - 95 min<\/span>\n\t\t\t\t\t\t\t\t\t<\/li>\n\t\t\t\t\t\t\t\t<li class=\"elementor-icon-list-item\">\n\t\t\t\t\t\t\t\t\t\t\t<span class=\"elementor-icon-list-icon\">\n\t\t\t\t\t\t\t<i aria-hidden=\"true\" class=\"fas fa-car\"><\/i>\t\t\t\t\t\t<\/span>\n\t\t\t\t\t\t\t\t\t\t<span class=\"elementor-icon-list-text\">60 - 80 min<\/span>\n\t\t\t\t\t\t\t\t\t<\/li>\n\t\t\t\t\t\t<\/ul>\n\t\t\t\t<\/div>\n\t\t\t\t<\/div>\n\t\t\t\t\t<\/div>\n\t\t<\/div>\n\t\t\t\t<div class=\"elementor-column elementor-col-50 elementor-inner-column elementor-element elementor-element-4808652\" data-id=\"4808652\" data-element_type=\"column\">\n\t\t\t<div class=\"elementor-widget-wrap elementor-element-populated\">\n\t\t\t\t\t\t<div class=\"elementor-element elementor-element-e85209f elementor-widget elementor-widget-spacer\" data-id=\"e85209f\" data-element_type=\"widget\" data-widget_type=\"spacer.default\">\n\t\t\t\t<div class=\"elementor-widget-container\">\n\t\t\t\t\t<div class=\"elementor-spacer\">\n\t\t\t<div class=\"elementor-spacer-inner\"><\/div>\n\t\t<\/div>\n\t\t\t\t<\/div>\n\t\t\t\t<\/div>\n\t\t\t\t<div class=\"elementor-element elementor-element-4d19cbd elementor-widget elementor-widget-image\" data-id=\"4d19cbd\" data-element_type=\"widget\" data-widget_type=\"image.default\">\n\t\t\t\t<div class=\"elementor-widget-container\">\n\t\t\t\t\t\t\t\t\t\t<figure class=\"wp-caption\">\n\t\t\t\t\t\t\t\t\t\t<img width=\"1024\" height=\"683\" src=\"https:\/\/www.ferienhaeuser-am-berghof.de\/cms\/wp-content\/uploads\/2020\/06\/Wandern-in-der-Fr\u00e4nkischen-Schweiz-1024x683.jpg\" class=\"attachment-large size-large wp-image-1826\" alt=\"\" srcset=\"https:\/\/www.ferienhaeuser-am-berghof.de\/cms\/wp-content\/uploads\/2020\/06\/Wandern-in-der-Fr\u00e4nkischen-Schweiz-1024x683.jpg 1024w, https:\/\/www.ferienhaeuser-am-berghof.de\/cms\/wp-content\/uploads\/2020\/06\/Wandern-in-der-Fr\u00e4nkischen-Schweiz-300x200.jpg 300w, https:\/\/www.ferienhaeuser-am-berghof.de\/cms\/wp-content\/uploads\/2020\/06\/Wandern-in-der-Fr\u00e4nkischen-Schweiz-768x512.jpg 768w, https:\/\/www.ferienhaeuser-am-berghof.de\/cms\/wp-content\/uploads\/2020\/06\/Wandern-in-der-Fr\u00e4nkischen-Schweiz-1536x1024.jpg 1536w, https:\/\/www.ferienhaeuser-am-berghof.de\/cms\/wp-content\/uploads\/2020\/06\/Wandern-in-der-Fr\u00e4nkischen-Schweiz-2048x1365.jpg 2048w\" sizes=\"(max-width: 1024px) 100vw, 1024px\" \/>\t\t\t\t\t\t\t\t\t\t\t<figcaption class=\"widget-image-caption wp-caption-text\">Foto: Jakob Heidingsfelder<\/figcaption>\n\t\t\t\t\t\t\t\t\t\t<\/figure>\n\t\t\t\t\t\t\t<\/div>\n\t\t\t\t<\/div>\n\t\t\t\t\t<\/div>\n\t\t<\/div>\n\t\t\t\t\t<\/div>\n\t\t<\/section>\n\t\t\t\t<div class=\"elementor-element elementor-element-443de7c elementor-widget elementor-widget-spacer\" data-id=\"443de7c\" data-element_type=\"widget\" data-widget_type=\"spacer.default\">\n\t\t\t\t<div class=\"elementor-widget-container\">\n\t\t\t\t\t<div class=\"elementor-spacer\">\n\t\t\t<div class=\"elementor-spacer-inner\"><\/div>\n\t\t<\/div>\n\t\t\t\t<\/div>\n\t\t\t\t<\/div>\n\t\t\t\t\t<\/div>\n\t\t<\/div>\n\t\t\t\t\t<\/div>\n\t\t<\/section>\n\t\t\t\t<\/div>\n\t\t","protected":false},"excerpt":{"rendered":"<p>mit dem Zug unterwegs Heilsbronn liegt mit seiner S-Bahn-Station ziemlich in der Mitte des Verkehrsverbund Gro\u00dfraum N\u00fcrnberg (VGN). Dieser erstreckt sich von Bayreuth bis nach Treuchtlingen und von Amberg bis nach Kitzingen. Mit der S-Bahn ist man bereits nach ca. 25 Minuten am N\u00fcrnberger Hauptbahnhof. Dies beschert unserer Kleinstadt eine sagenhaft gute Anbindung und erm\u00f6glicht &hellip;<\/p>\n<p class=\"read-more\"> <a class=\"\" href=\"https:\/\/www.ferienhaeuser-am-berghof.de\/cms\/mit-dem-zug-unterwegs\/\"> <span class=\"screen-reader-text\">Mit dem Zug unterwegs<\/span> Weiterlesen &raquo;<\/a><\/p>\n","protected":false},"author":2,"featured_media":0,"parent":0,"menu_order":35,"comment_status":"closed","ping_status":"closed","template":"","meta":[],"_links":{"self":[{"href":"https:\/\/www.ferienhaeuser-am-berghof.de\/cms\/wp-json\/wp\/v2\/pages\/1605"}],"collection":[{"href":"https:\/\/www.ferienhaeuser-am-berghof.de\/cms\/wp-json\/wp\/v2\/pages"}],"about":[{"href":"https:\/\/www.ferienhaeuser-am-berghof.de\/cms\/wp-json\/wp\/v2\/types\/page"}],"author":[{"embeddable":true,"href":"https:\/\/www.ferienhaeuser-am-berghof.de\/cms\/wp-json\/wp\/v2\/users\/2"}],"replies":[{"embeddable":true,"href":"https:\/\/www.ferienhaeuser-am-berghof.de\/cms\/wp-json\/wp\/v2\/comments?post=1605"}],"version-history":[{"count":10,"href":"https:\/\/www.ferienhaeuser-am-berghof.de\/cms\/wp-json\/wp\/v2\/pages\/1605\/revisions"}],"predecessor-version":[{"id":1935,"href":"https:\/\/www.ferienhaeuser-am-berghof.de\/cms\/wp-json\/wp\/v2\/pages\/1605\/revisions\/1935"}],"wp:attachment":[{"href":"https:\/\/www.ferienhaeuser-am-berghof.de\/cms\/wp-json\/wp\/v2\/media?parent=1605"}],"curies":[{"name":"wp","href":"https:\/\/api.w.org\/{rel}","templated":true}]}}