{"id":1599,"date":"2020-06-15T07:23:39","date_gmt":"2020-06-15T07:23:39","guid":{"rendered":"https:\/\/www.ferienhaeuser-am-berghof.de\/cms\/?page_id=1599"},"modified":"2021-11-16T14:09:33","modified_gmt":"2021-11-16T14:09:33","slug":"auf-dem-berghof-unterwegs","status":"publish","type":"page","link":"https:\/\/www.ferienhaeuser-am-berghof.de\/cms\/auf-dem-berghof-unterwegs\/","title":{"rendered":"Auf dem Berghof unterwegs"},"content":{"rendered":"\t\t<div data-elementor-type=\"wp-page\" data-elementor-id=\"1599\" class=\"elementor elementor-1599\">\n\t\t\t\t\t\t<section class=\"elementor-section elementor-top-section elementor-element elementor-element-99a4cb9 elementor-section-boxed elementor-section-height-default elementor-section-height-default\" data-id=\"99a4cb9\" data-element_type=\"section\" data-settings=\"{&quot;background_background&quot;:&quot;classic&quot;}\">\n\t\t\t\t\t\t<div class=\"elementor-container elementor-column-gap-default\">\n\t\t\t\t\t<div class=\"elementor-column elementor-col-100 elementor-top-column elementor-element elementor-element-967b5a3\" data-id=\"967b5a3\" data-element_type=\"column\">\n\t\t\t<div class=\"elementor-widget-wrap\">\n\t\t\t\t\t\t\t<\/div>\n\t\t<\/div>\n\t\t\t\t\t<\/div>\n\t\t<\/section>\n\t\t\t\t<section class=\"elementor-section elementor-top-section elementor-element elementor-element-fcf87f6 elementor-section-boxed elementor-section-height-default elementor-section-height-default\" data-id=\"fcf87f6\" data-element_type=\"section\" data-settings=\"{&quot;background_background&quot;:&quot;classic&quot;}\">\n\t\t\t\t\t\t<div class=\"elementor-container elementor-column-gap-default\">\n\t\t\t\t\t<div class=\"elementor-column elementor-col-100 elementor-top-column elementor-element elementor-element-c68dbdc\" data-id=\"c68dbdc\" data-element_type=\"column\">\n\t\t\t<div class=\"elementor-widget-wrap\">\n\t\t\t\t\t\t\t<\/div>\n\t\t<\/div>\n\t\t\t\t\t<\/div>\n\t\t<\/section>\n\t\t\t\t<section class=\"elementor-section elementor-top-section elementor-element elementor-element-0c6817e elementor-section-boxed elementor-section-height-default elementor-section-height-default\" data-id=\"0c6817e\" data-element_type=\"section\" data-settings=\"{&quot;background_background&quot;:&quot;classic&quot;}\">\n\t\t\t\t\t\t<div class=\"elementor-container elementor-column-gap-default\">\n\t\t\t\t\t<div class=\"elementor-column elementor-col-100 elementor-top-column elementor-element elementor-element-ca0221f\" data-id=\"ca0221f\" data-element_type=\"column\">\n\t\t\t<div class=\"elementor-widget-wrap\">\n\t\t\t\t\t\t\t<\/div>\n\t\t<\/div>\n\t\t\t\t\t<\/div>\n\t\t<\/section>\n\t\t\t\t<section class=\"elementor-section elementor-top-section elementor-element elementor-element-6dece90 elementor-section-boxed elementor-section-height-default elementor-section-height-default\" data-id=\"6dece90\" data-element_type=\"section\" data-settings=\"{&quot;background_background&quot;:&quot;classic&quot;}\">\n\t\t\t\t\t\t<div class=\"elementor-container elementor-column-gap-default\">\n\t\t\t\t\t<div class=\"elementor-column elementor-col-100 elementor-top-column elementor-element elementor-element-ee2ea94\" data-id=\"ee2ea94\" data-element_type=\"column\">\n\t\t\t<div class=\"elementor-widget-wrap\">\n\t\t\t\t\t\t\t<\/div>\n\t\t<\/div>\n\t\t\t\t\t<\/div>\n\t\t<\/section>\n\t\t\t\t<section class=\"elementor-section elementor-top-section elementor-element elementor-element-595e3d3 elementor-section-boxed elementor-section-height-default elementor-section-height-default\" data-id=\"595e3d3\" data-element_type=\"section\" data-settings=\"{&quot;background_background&quot;:&quot;classic&quot;}\">\n\t\t\t\t\t\t<div class=\"elementor-container elementor-column-gap-default\">\n\t\t\t\t\t<div class=\"elementor-column elementor-col-100 elementor-top-column elementor-element elementor-element-44fdfa6\" data-id=\"44fdfa6\" data-element_type=\"column\">\n\t\t\t<div class=\"elementor-widget-wrap\">\n\t\t\t\t\t\t\t<\/div>\n\t\t<\/div>\n\t\t\t\t\t<\/div>\n\t\t<\/section>\n\t\t\t\t<section class=\"elementor-section elementor-top-section elementor-element elementor-element-fe1ce65 elementor-section-boxed elementor-section-height-default elementor-section-height-default\" data-id=\"fe1ce65\" data-element_type=\"section\">\n\t\t\t\t\t\t<div class=\"elementor-container elementor-column-gap-default\">\n\t\t\t\t\t<div class=\"elementor-column elementor-col-100 elementor-top-column elementor-element elementor-element-ea48e4f\" data-id=\"ea48e4f\" data-element_type=\"column\">\n\t\t\t<div class=\"elementor-widget-wrap elementor-element-populated\">\n\t\t\t\t\t\t<div class=\"elementor-element elementor-element-f12b79c elementor-widget elementor-widget-spacer\" data-id=\"f12b79c\" data-element_type=\"widget\" data-widget_type=\"spacer.default\">\n\t\t\t\t<div class=\"elementor-widget-container\">\n\t\t\t\t\t<div class=\"elementor-spacer\">\n\t\t\t<div class=\"elementor-spacer-inner\"><\/div>\n\t\t<\/div>\n\t\t\t\t<\/div>\n\t\t\t\t<\/div>\n\t\t\t\t<div class=\"elementor-element elementor-element-3760ce5 elementor-widget elementor-widget-heading\" data-id=\"3760ce5\" data-element_type=\"widget\" data-widget_type=\"heading.default\">\n\t\t\t\t<div class=\"elementor-widget-container\">\n\t\t\t<h1 class=\"elementor-heading-title elementor-size-default\">am Berghof unterwegs<\/h1>\t\t<\/div>\n\t\t\t\t<\/div>\n\t\t\t\t<div class=\"elementor-element elementor-element-ec034c5 elementor-widget elementor-widget-text-editor\" data-id=\"ec034c5\" data-element_type=\"widget\" data-widget_type=\"text-editor.default\">\n\t\t\t\t<div class=\"elementor-widget-container\">\n\t\t\t\t\t\t\t<p>Auch rund um den berghof finden sie eine vielzahl an m\u00f6glichkeiten.\u00a0<\/p>\t\t\t\t\t\t<\/div>\n\t\t\t\t<\/div>\n\t\t\t\t\t<\/div>\n\t\t<\/div>\n\t\t\t\t\t<\/div>\n\t\t<\/section>\n\t\t\t\t<section class=\"elementor-section elementor-top-section elementor-element elementor-element-c62a996 elementor-section-boxed elementor-section-height-default elementor-section-height-default\" data-id=\"c62a996\" data-element_type=\"section\">\n\t\t\t\t\t\t<div class=\"elementor-container elementor-column-gap-default\">\n\t\t\t\t\t<div class=\"elementor-column elementor-col-100 elementor-top-column elementor-element elementor-element-69d3e31\" data-id=\"69d3e31\" data-element_type=\"column\">\n\t\t\t<div class=\"elementor-widget-wrap elementor-element-populated\">\n\t\t\t\t\t\t<section class=\"elementor-section elementor-inner-section elementor-element elementor-element-483da9c elementor-section-boxed elementor-section-height-default elementor-section-height-default\" data-id=\"483da9c\" data-element_type=\"section\">\n\t\t\t\t\t\t<div class=\"elementor-container elementor-column-gap-default\">\n\t\t\t\t\t<div class=\"elementor-column elementor-col-50 elementor-inner-column elementor-element elementor-element-ed2a359\" data-id=\"ed2a359\" data-element_type=\"column\">\n\t\t\t<div class=\"elementor-widget-wrap elementor-element-populated\">\n\t\t\t\t\t\t<div class=\"elementor-element elementor-element-a79b9a0 elementor-widget elementor-widget-heading\" data-id=\"a79b9a0\" data-element_type=\"widget\" data-widget_type=\"heading.default\">\n\t\t\t\t<div class=\"elementor-widget-container\">\n\t\t\t<h2 class=\"elementor-heading-title elementor-size-default\">Schafe und h\u00fchner F\u00fcttern<\/h2>\t\t<\/div>\n\t\t\t\t<\/div>\n\t\t\t\t<div class=\"elementor-element elementor-element-8de4798 elementor-widget elementor-widget-text-editor\" data-id=\"8de4798\" data-element_type=\"widget\" data-widget_type=\"text-editor.default\">\n\t\t\t\t<div class=\"elementor-widget-container\">\n\t\t\t\t\t\t\t<p style=\"text-align: left;\">Am Berghof wohnen Kamerunschafe und h\u00fchner. Wenn Sie morgens fr\u00fch genug aufstehen, k\u00f6nnen Sie vielleicht einen von uns beim Schafe und h\u00fchner f\u00fcttern begleiten.<\/p>\t\t\t\t\t\t<\/div>\n\t\t\t\t<\/div>\n\t\t\t\t\t<\/div>\n\t\t<\/div>\n\t\t\t\t<div class=\"elementor-column elementor-col-50 elementor-inner-column elementor-element elementor-element-c8714d3\" data-id=\"c8714d3\" data-element_type=\"column\">\n\t\t\t<div class=\"elementor-widget-wrap elementor-element-populated\">\n\t\t\t\t\t\t<div class=\"elementor-element elementor-element-30fcb20 elementor-widget elementor-widget-image\" data-id=\"30fcb20\" data-element_type=\"widget\" data-widget_type=\"image.default\">\n\t\t\t\t<div class=\"elementor-widget-container\">\n\t\t\t\t\t\t\t\t\t\t<figure class=\"wp-caption\">\n\t\t\t\t\t\t\t\t\t\t<img fetchpriority=\"high\" width=\"1024\" height=\"768\" src=\"https:\/\/www.ferienhaeuser-am-berghof.de\/cms\/wp-content\/uploads\/2021\/09\/af79bf49-72c4-439e-aadc-a6bb4fc61ccb.jpeg\" class=\"attachment-large size-large wp-image-2165\" alt=\"\" srcset=\"https:\/\/www.ferienhaeuser-am-berghof.de\/cms\/wp-content\/uploads\/2021\/09\/af79bf49-72c4-439e-aadc-a6bb4fc61ccb.jpeg 1024w, https:\/\/www.ferienhaeuser-am-berghof.de\/cms\/wp-content\/uploads\/2021\/09\/af79bf49-72c4-439e-aadc-a6bb4fc61ccb-300x225.jpeg 300w, https:\/\/www.ferienhaeuser-am-berghof.de\/cms\/wp-content\/uploads\/2021\/09\/af79bf49-72c4-439e-aadc-a6bb4fc61ccb-768x576.jpeg 768w\" sizes=\"(max-width: 1024px) 100vw, 1024px\" \/>\t\t\t\t\t\t\t\t\t\t\t<figcaption class=\"widget-image-caption wp-caption-text\">foto: julia Heidingsfelder<\/figcaption>\n\t\t\t\t\t\t\t\t\t\t<\/figure>\n\t\t\t\t\t\t\t<\/div>\n\t\t\t\t<\/div>\n\t\t\t\t\t<\/div>\n\t\t<\/div>\n\t\t\t\t\t<\/div>\n\t\t<\/section>\n\t\t\t\t\t<\/div>\n\t\t<\/div>\n\t\t\t\t\t<\/div>\n\t\t<\/section>\n\t\t\t\t<section class=\"elementor-section elementor-top-section elementor-element elementor-element-3044ac3 elementor-section-boxed elementor-section-height-default elementor-section-height-default\" data-id=\"3044ac3\" data-element_type=\"section\">\n\t\t\t\t\t\t<div class=\"elementor-container elementor-column-gap-default\">\n\t\t\t\t\t<div class=\"elementor-column elementor-col-100 elementor-top-column elementor-element elementor-element-cbc6347\" data-id=\"cbc6347\" data-element_type=\"column\">\n\t\t\t<div class=\"elementor-widget-wrap elementor-element-populated\">\n\t\t\t\t\t\t<div class=\"elementor-element elementor-element-4570417 elementor-widget elementor-widget-spacer\" data-id=\"4570417\" data-element_type=\"widget\" data-widget_type=\"spacer.default\">\n\t\t\t\t<div class=\"elementor-widget-container\">\n\t\t\t\t\t<div class=\"elementor-spacer\">\n\t\t\t<div class=\"elementor-spacer-inner\"><\/div>\n\t\t<\/div>\n\t\t\t\t<\/div>\n\t\t\t\t<\/div>\n\t\t\t\t<section class=\"elementor-section elementor-inner-section elementor-element elementor-element-b9e2c66 elementor-section-boxed elementor-section-height-default elementor-section-height-default\" data-id=\"b9e2c66\" data-element_type=\"section\">\n\t\t\t\t\t\t<div class=\"elementor-container elementor-column-gap-default\">\n\t\t\t\t\t<div class=\"elementor-column elementor-col-50 elementor-inner-column elementor-element elementor-element-dbfa2c4\" data-id=\"dbfa2c4\" data-element_type=\"column\">\n\t\t\t<div class=\"elementor-widget-wrap elementor-element-populated\">\n\t\t\t\t\t\t<div class=\"elementor-element elementor-element-fe8fb93 elementor-widget elementor-widget-heading\" data-id=\"fe8fb93\" data-element_type=\"widget\" data-widget_type=\"heading.default\">\n\t\t\t\t<div class=\"elementor-widget-container\">\n\t\t\t<h2 class=\"elementor-heading-title elementor-size-default\">Waldspaziergang<\/h2>\t\t<\/div>\n\t\t\t\t<\/div>\n\t\t\t\t<div class=\"elementor-element elementor-element-90e9bb6 elementor-widget elementor-widget-image\" data-id=\"90e9bb6\" data-element_type=\"widget\" data-widget_type=\"image.default\">\n\t\t\t\t<div class=\"elementor-widget-container\">\n\t\t\t\t\t\t\t\t\t\t<figure class=\"wp-caption\">\n\t\t\t\t\t\t\t\t\t\t<img width=\"1024\" height=\"768\" src=\"https:\/\/www.ferienhaeuser-am-berghof.de\/cms\/wp-content\/uploads\/2020\/08\/Waldspaziergang-1024x768.jpg\" class=\"attachment-large size-large wp-image-1923\" alt=\"\" srcset=\"https:\/\/www.ferienhaeuser-am-berghof.de\/cms\/wp-content\/uploads\/2020\/08\/Waldspaziergang-1024x768.jpg 1024w, https:\/\/www.ferienhaeuser-am-berghof.de\/cms\/wp-content\/uploads\/2020\/08\/Waldspaziergang-300x225.jpg 300w, https:\/\/www.ferienhaeuser-am-berghof.de\/cms\/wp-content\/uploads\/2020\/08\/Waldspaziergang-768x576.jpg 768w, https:\/\/www.ferienhaeuser-am-berghof.de\/cms\/wp-content\/uploads\/2020\/08\/Waldspaziergang-1536x1152.jpg 1536w, https:\/\/www.ferienhaeuser-am-berghof.de\/cms\/wp-content\/uploads\/2020\/08\/Waldspaziergang-2048x1536.jpg 2048w\" sizes=\"(max-width: 1024px) 100vw, 1024px\" \/>\t\t\t\t\t\t\t\t\t\t\t<figcaption class=\"widget-image-caption wp-caption-text\">foto: Julia heidingsfelder<\/figcaption>\n\t\t\t\t\t\t\t\t\t\t<\/figure>\n\t\t\t\t\t\t\t<\/div>\n\t\t\t\t<\/div>\n\t\t\t\t\t<\/div>\n\t\t<\/div>\n\t\t\t\t<div class=\"elementor-column elementor-col-50 elementor-inner-column elementor-element elementor-element-81b1cdd\" data-id=\"81b1cdd\" data-element_type=\"column\">\n\t\t\t<div class=\"elementor-widget-wrap elementor-element-populated\">\n\t\t\t\t\t\t<div class=\"elementor-element elementor-element-c9c34db elementor-widget elementor-widget-spacer\" data-id=\"c9c34db\" data-element_type=\"widget\" data-widget_type=\"spacer.default\">\n\t\t\t\t<div class=\"elementor-widget-container\">\n\t\t\t\t\t<div class=\"elementor-spacer\">\n\t\t\t<div class=\"elementor-spacer-inner\"><\/div>\n\t\t<\/div>\n\t\t\t\t<\/div>\n\t\t\t\t<\/div>\n\t\t\t\t<div class=\"elementor-element elementor-element-9f671fa elementor-widget elementor-widget-text-editor\" data-id=\"9f671fa\" data-element_type=\"widget\" data-widget_type=\"text-editor.default\">\n\t\t\t\t<div class=\"elementor-widget-container\">\n\t\t\t\t\t\t\t<p class=\"MsoNormal\">Wenn Sie schon alle wilden V\u00f6gel und Insekten, die sich so auf unserem Hofgel\u00e4nde tummeln beobachtet haben, k\u00f6nnen Sie Ihren Forschungsradius auf die nahe gelegenen W\u00e4lder und Felder ausdehnen. Mit etwas Gl\u00fcck k\u00f6nnen Sie vielleicht sogar ein Reh im Unterholz ersp\u00e4hen, aber ganz sicher werden Sie die Ameisenhaufen am Waldrand entdecken. Solche Spazierg\u00e4nge sind m\u00f6glich, ohne an einer \u00f6ffentlichen Stra\u00dfe vorbei zu kommen.<\/p>\t\t\t\t\t\t<\/div>\n\t\t\t\t<\/div>\n\t\t\t\t\t<\/div>\n\t\t<\/div>\n\t\t\t\t\t<\/div>\n\t\t<\/section>\n\t\t\t\t\t<\/div>\n\t\t<\/div>\n\t\t\t\t\t<\/div>\n\t\t<\/section>\n\t\t\t\t<section class=\"elementor-section elementor-top-section elementor-element elementor-element-29c0d74 elementor-section-boxed elementor-section-height-default elementor-section-height-default\" data-id=\"29c0d74\" data-element_type=\"section\">\n\t\t\t\t\t\t<div class=\"elementor-container elementor-column-gap-default\">\n\t\t\t\t\t<div class=\"elementor-column elementor-col-100 elementor-top-column elementor-element elementor-element-955b472\" data-id=\"955b472\" data-element_type=\"column\">\n\t\t\t<div class=\"elementor-widget-wrap elementor-element-populated\">\n\t\t\t\t\t\t<div class=\"elementor-element elementor-element-2f40f5a elementor-widget elementor-widget-spacer\" data-id=\"2f40f5a\" data-element_type=\"widget\" data-widget_type=\"spacer.default\">\n\t\t\t\t<div class=\"elementor-widget-container\">\n\t\t\t\t\t<div class=\"elementor-spacer\">\n\t\t\t<div class=\"elementor-spacer-inner\"><\/div>\n\t\t<\/div>\n\t\t\t\t<\/div>\n\t\t\t\t<\/div>\n\t\t\t\t<section class=\"elementor-section elementor-inner-section elementor-element elementor-element-e66888b elementor-section-boxed elementor-section-height-default elementor-section-height-default\" data-id=\"e66888b\" data-element_type=\"section\">\n\t\t\t\t\t\t<div class=\"elementor-container elementor-column-gap-default\">\n\t\t\t\t\t<div class=\"elementor-column elementor-col-50 elementor-inner-column elementor-element elementor-element-cbb9cb7\" data-id=\"cbb9cb7\" data-element_type=\"column\">\n\t\t\t<div class=\"elementor-widget-wrap elementor-element-populated\">\n\t\t\t\t\t\t<div class=\"elementor-element elementor-element-3969902 elementor-widget elementor-widget-heading\" data-id=\"3969902\" data-element_type=\"widget\" data-widget_type=\"heading.default\">\n\t\t\t\t<div class=\"elementor-widget-container\">\n\t\t\t<h2 class=\"elementor-heading-title elementor-size-default\">Blumen Pfl\u00fccken<\/h2>\t\t<\/div>\n\t\t\t\t<\/div>\n\t\t\t\t<div class=\"elementor-element elementor-element-16c5a7c elementor-widget elementor-widget-text-editor\" data-id=\"16c5a7c\" data-element_type=\"widget\" data-widget_type=\"text-editor.default\">\n\t\t\t\t<div class=\"elementor-widget-container\">\n\t\t\t\t\t\t\t<p>Wenn Sie gerne Wildkr\u00e4uter und Blumen f\u00fcr Tees, Salben und Tinkturen sammeln, sind Sie bei uns richtig aufgehoben. Auf dem Berghof wachsen viele unterschiedliche Wildpflanzen und auf unseren Feldern bauen wir Heilpflanzen an. Wir haben innerhalb der Familie schon viel an Salben und Tinkturen ausprobiert und teilen gerne unser Wissen mit Ihnen.<\/p>\t\t\t\t\t\t<\/div>\n\t\t\t\t<\/div>\n\t\t\t\t\t<\/div>\n\t\t<\/div>\n\t\t\t\t<div class=\"elementor-column elementor-col-50 elementor-inner-column elementor-element elementor-element-75cc58b\" data-id=\"75cc58b\" data-element_type=\"column\">\n\t\t\t<div class=\"elementor-widget-wrap elementor-element-populated\">\n\t\t\t\t\t\t<div class=\"elementor-element elementor-element-8d1681d elementor-widget elementor-widget-spacer\" data-id=\"8d1681d\" data-element_type=\"widget\" data-widget_type=\"spacer.default\">\n\t\t\t\t<div class=\"elementor-widget-container\">\n\t\t\t\t\t<div class=\"elementor-spacer\">\n\t\t\t<div class=\"elementor-spacer-inner\"><\/div>\n\t\t<\/div>\n\t\t\t\t<\/div>\n\t\t\t\t<\/div>\n\t\t\t\t<div class=\"elementor-element elementor-element-74fb4b1 elementor-widget elementor-widget-image\" data-id=\"74fb4b1\" data-element_type=\"widget\" data-widget_type=\"image.default\">\n\t\t\t\t<div class=\"elementor-widget-container\">\n\t\t\t\t\t\t\t\t\t\t<figure class=\"wp-caption\">\n\t\t\t\t\t\t\t\t\t\t<img width=\"1024\" height=\"684\" src=\"https:\/\/www.ferienhaeuser-am-berghof.de\/cms\/wp-content\/uploads\/2020\/08\/Echinacea_nahe3.jpg\" class=\"attachment-large size-large wp-image-1892\" alt=\"\" srcset=\"https:\/\/www.ferienhaeuser-am-berghof.de\/cms\/wp-content\/uploads\/2020\/08\/Echinacea_nahe3.jpg 1024w, https:\/\/www.ferienhaeuser-am-berghof.de\/cms\/wp-content\/uploads\/2020\/08\/Echinacea_nahe3-300x200.jpg 300w, https:\/\/www.ferienhaeuser-am-berghof.de\/cms\/wp-content\/uploads\/2020\/08\/Echinacea_nahe3-768x513.jpg 768w\" sizes=\"(max-width: 1024px) 100vw, 1024px\" \/>\t\t\t\t\t\t\t\t\t\t\t<figcaption class=\"widget-image-caption wp-caption-text\">foto: christiane frie\u00df<\/figcaption>\n\t\t\t\t\t\t\t\t\t\t<\/figure>\n\t\t\t\t\t\t\t<\/div>\n\t\t\t\t<\/div>\n\t\t\t\t\t<\/div>\n\t\t<\/div>\n\t\t\t\t\t<\/div>\n\t\t<\/section>\n\t\t\t\t\t<\/div>\n\t\t<\/div>\n\t\t\t\t\t<\/div>\n\t\t<\/section>\n\t\t\t\t<section class=\"elementor-section elementor-top-section elementor-element elementor-element-0ec0f8a elementor-section-boxed elementor-section-height-default elementor-section-height-default\" data-id=\"0ec0f8a\" data-element_type=\"section\">\n\t\t\t\t\t\t<div class=\"elementor-container elementor-column-gap-default\">\n\t\t\t\t\t<div class=\"elementor-column elementor-col-100 elementor-top-column elementor-element elementor-element-eeed9b9\" data-id=\"eeed9b9\" data-element_type=\"column\">\n\t\t\t<div class=\"elementor-widget-wrap elementor-element-populated\">\n\t\t\t\t\t\t<section class=\"elementor-section elementor-inner-section elementor-element elementor-element-223b8fe elementor-section-boxed elementor-section-height-default elementor-section-height-default\" data-id=\"223b8fe\" data-element_type=\"section\">\n\t\t\t\t\t\t<div class=\"elementor-container elementor-column-gap-default\">\n\t\t\t\t\t<div class=\"elementor-column elementor-col-50 elementor-inner-column elementor-element elementor-element-b21f615\" data-id=\"b21f615\" data-element_type=\"column\">\n\t\t\t<div class=\"elementor-widget-wrap elementor-element-populated\">\n\t\t\t\t\t\t<div class=\"elementor-element elementor-element-7628f7c elementor-widget elementor-widget-heading\" data-id=\"7628f7c\" data-element_type=\"widget\" data-widget_type=\"heading.default\">\n\t\t\t\t<div class=\"elementor-widget-container\">\n\t\t\t<h2 class=\"elementor-heading-title elementor-size-default\">Das Hofgel\u00e4nde<\/h2>\t\t<\/div>\n\t\t\t\t<\/div>\n\t\t\t\t<div class=\"elementor-element elementor-element-1a2875b elementor-widget elementor-widget-image\" data-id=\"1a2875b\" data-element_type=\"widget\" data-widget_type=\"image.default\">\n\t\t\t\t<div class=\"elementor-widget-container\">\n\t\t\t\t\t\t\t\t\t\t<figure class=\"wp-caption\">\n\t\t\t\t\t\t\t\t\t\t<img loading=\"lazy\" width=\"1024\" height=\"684\" src=\"https:\/\/www.ferienhaeuser-am-berghof.de\/cms\/wp-content\/uploads\/2020\/08\/Echinacea_aufladen3-1024x684.jpg\" class=\"attachment-large size-large wp-image-1888\" alt=\"\" srcset=\"https:\/\/www.ferienhaeuser-am-berghof.de\/cms\/wp-content\/uploads\/2020\/08\/Echinacea_aufladen3-1024x684.jpg 1024w, https:\/\/www.ferienhaeuser-am-berghof.de\/cms\/wp-content\/uploads\/2020\/08\/Echinacea_aufladen3-300x200.jpg 300w, https:\/\/www.ferienhaeuser-am-berghof.de\/cms\/wp-content\/uploads\/2020\/08\/Echinacea_aufladen3-768x513.jpg 768w, https:\/\/www.ferienhaeuser-am-berghof.de\/cms\/wp-content\/uploads\/2020\/08\/Echinacea_aufladen3-1536x1026.jpg 1536w, https:\/\/www.ferienhaeuser-am-berghof.de\/cms\/wp-content\/uploads\/2020\/08\/Echinacea_aufladen3.jpg 1920w\" sizes=\"(max-width: 1024px) 100vw, 1024px\" \/>\t\t\t\t\t\t\t\t\t\t\t<figcaption class=\"widget-image-caption wp-caption-text\">foto: jan welkerling<\/figcaption>\n\t\t\t\t\t\t\t\t\t\t<\/figure>\n\t\t\t\t\t\t\t<\/div>\n\t\t\t\t<\/div>\n\t\t\t\t\t<\/div>\n\t\t<\/div>\n\t\t\t\t<div class=\"elementor-column elementor-col-50 elementor-inner-column elementor-element elementor-element-e3e5371\" data-id=\"e3e5371\" data-element_type=\"column\">\n\t\t\t<div class=\"elementor-widget-wrap elementor-element-populated\">\n\t\t\t\t\t\t<div class=\"elementor-element elementor-element-2411c5b elementor-widget elementor-widget-spacer\" data-id=\"2411c5b\" data-element_type=\"widget\" data-widget_type=\"spacer.default\">\n\t\t\t\t<div class=\"elementor-widget-container\">\n\t\t\t\t\t<div class=\"elementor-spacer\">\n\t\t\t<div class=\"elementor-spacer-inner\"><\/div>\n\t\t<\/div>\n\t\t\t\t<\/div>\n\t\t\t\t<\/div>\n\t\t\t\t<div class=\"elementor-element elementor-element-879ec48 elementor-widget elementor-widget-text-editor\" data-id=\"879ec48\" data-element_type=\"widget\" data-widget_type=\"text-editor.default\">\n\t\t\t\t<div class=\"elementor-widget-container\">\n\t\t\t\t\t\t\t<p>Unser 1,5 ha gro\u00dfes Hofgel\u00e4nde bietet eine Menge an Freizeitbesch\u00e4ftigungen denen nachgegangen werden kann. Nicht nur unsere jungen G\u00e4ste und die, die sich jung f\u00fchlen, k\u00f6nnen sich beim Ballspielen auf der Schafsweide austoben oder geduldig einen Wanderstab schnitzten. Auch Menschen, die es gerne ruhiger haben finden hier ihre Besch\u00e4ftigung mit einer Meditation auf den gro\u00dfen Sandsteinen in unserem Garten oder das Beobachten von V\u00f6geln in unseren 100 Jahre alten Birnb\u00e4umen. Der Fantasie und dem Ideenreichtum sind hier keine Grenzen gesteckt.<\/p>\t\t\t\t\t\t<\/div>\n\t\t\t\t<\/div>\n\t\t\t\t\t<\/div>\n\t\t<\/div>\n\t\t\t\t\t<\/div>\n\t\t<\/section>\n\t\t\t\t\t<\/div>\n\t\t<\/div>\n\t\t\t\t\t<\/div>\n\t\t<\/section>\n\t\t\t\t<\/div>\n\t\t","protected":false},"excerpt":{"rendered":"<p>am Berghof unterwegs Auch rund um den berghof finden sie eine vielzahl an m\u00f6glichkeiten.\u00a0 Schafe und h\u00fchner F\u00fcttern Am Berghof wohnen Kamerunschafe und h\u00fchner. Wenn Sie morgens fr\u00fch genug aufstehen, k\u00f6nnen Sie vielleicht einen von uns beim Schafe und h\u00fchner f\u00fcttern begleiten. foto: julia Heidingsfelder Waldspaziergang foto: Julia heidingsfelder Wenn Sie schon alle wilden V\u00f6gel &hellip;<\/p>\n<p class=\"read-more\"> <a class=\"\" href=\"https:\/\/www.ferienhaeuser-am-berghof.de\/cms\/auf-dem-berghof-unterwegs\/\"> <span class=\"screen-reader-text\">Auf dem Berghof unterwegs<\/span> Weiterlesen &raquo;<\/a><\/p>\n","protected":false},"author":2,"featured_media":0,"parent":0,"menu_order":35,"comment_status":"closed","ping_status":"closed","template":"","meta":[],"_links":{"self":[{"href":"https:\/\/www.ferienhaeuser-am-berghof.de\/cms\/wp-json\/wp\/v2\/pages\/1599"}],"collection":[{"href":"https:\/\/www.ferienhaeuser-am-berghof.de\/cms\/wp-json\/wp\/v2\/pages"}],"about":[{"href":"https:\/\/www.ferienhaeuser-am-berghof.de\/cms\/wp-json\/wp\/v2\/types\/page"}],"author":[{"embeddable":true,"href":"https:\/\/www.ferienhaeuser-am-berghof.de\/cms\/wp-json\/wp\/v2\/users\/2"}],"replies":[{"embeddable":true,"href":"https:\/\/www.ferienhaeuser-am-berghof.de\/cms\/wp-json\/wp\/v2\/comments?post=1599"}],"version-history":[{"count":34,"href":"https:\/\/www.ferienhaeuser-am-berghof.de\/cms\/wp-json\/wp\/v2\/pages\/1599\/revisions"}],"predecessor-version":[{"id":2255,"href":"https:\/\/www.ferienhaeuser-am-berghof.de\/cms\/wp-json\/wp\/v2\/pages\/1599\/revisions\/2255"}],"wp:attachment":[{"href":"https:\/\/www.ferienhaeuser-am-berghof.de\/cms\/wp-json\/wp\/v2\/media?parent=1599"}],"curies":[{"name":"wp","href":"https:\/\/api.w.org\/{rel}","templated":true}]}}